{"id":977,"date":"2021-10-30T18:10:47","date_gmt":"2021-10-30T18:10:47","guid":{"rendered":"http:\/\/quartocrescente.org\/?page_id=977"},"modified":"2023-04-12T09:53:16","modified_gmt":"2023-04-12T09:53:16","slug":"journal","status":"publish","type":"page","link":"https:\/\/quartocrescente.org\/pt\/journal\/","title":{"rendered":"Jornal"},"content":{"rendered":"<ul class=\"milestone-feed-container\">\n<li class=\"milestone-single-wrapper parented\">\n\t<div class=\"doodle-border content\">\n\t\t<div class=\"header\">\n\t\t\t<p class=\"title\">Imers\u00e3o nas Escolas<\/p>\n\t\t\t<div class=\"columns\">\n\t\t\t\t<div class=\"col\">\n\t\t\t\t\t<span class=\"milestone-date\"><span class=\"dashicons-calendar dashicons\"><\/span>  09\/2023 <\/span>\n\t\t\t\t\t<span class=\"project-title\"> | Jogo de aventura narrativa incorporado no iLMS<\/span>\n\t\t\t\t<\/div>\n\t\t\t\t<div class=\"col\">\n\t\t\t\t\t<div class=\"author-avatar lumin-effect\">\n\t\t\t\t\t\t<img decoding=\"async\" src=\" https:\/\/quartocrescente.org\/wp-content\/uploads\/2024\/01\/cropped-pedro-96x96.png \" \/>\n\t\t\t\t\t<\/div>\n\t\t\t\t\t<p class=\"author-name\">Pedro Silva Ferreira<\/p>\n\t\t\t\t<\/div>\n\t\t\t<\/div>\n\t\t<\/div>\n\t\t<div class=\"body\">\n\t\t\t<div class=\"description\"><ul>\r\n \t<li>A solicitar a imers\u00e3o nas escolas por meio de entrevistas semi-estruturadas a educadores do 1\u00ba ciclo do ensino b\u00e1sico sobre as ferramentas de comunica\u00e7\u00e3o escola-casa utilizadas por cada um.<\/li>\r\n<\/ul><\/div>\n\t\t\t\t\n\t\t\t\t\t<div class=\"posts\">\n\t\t\t\t\t\n<a class=\"post-card\" href=\"https:\/\/quartocrescente.org\/pt\/?post_type=post&p=4746\">\n    <div class=\"thumbnail\">\n        <img decoding=\"async\" src=\"https:\/\/quartocrescente.org\/wp-content\/uploads\/2023\/11\/IMG_6887-1568x882.jpg\" \/>\n    <\/div>\n    <div class=\"body\">\n        <h5 class=\"title\">Ponto da Investiga\u00e7\u00e3o Out.23<\/h5>\n        <p class=\"excerpt\">Setembro marcou o in\u00edcio das dilig\u00eancias da pesquisa de campo. Pretende-se o recrutamento de cinco educadores para uma participa\u00e7\u00e3o longitudinal neste trabalho. Est\u00e3o sendo solicitadas entrevistas semiestruturadas.<\/p>\n    <\/div>\n<\/a>\n<a class=\"post-card\" href=\"https:\/\/quartocrescente.org\/pt\/?post_type=post&p=4815\">\n    <div class=\"thumbnail\">\n        <img decoding=\"async\" src=\"https:\/\/quartocrescente.org\/wp-content\/uploads\/2024\/05\/IMG_7741-1568x882.jpg\" \/>\n    <\/div>\n    <div class=\"body\">\n        <h5 class=\"title\">Atualiza\u00e7\u00e3o da pesquisa em 24 de abril<\/h5>\n        <p class=\"excerpt\">As entrevistas aos professores do ensino prim\u00e1rio foram conclu\u00eddas, determinadas pela satura\u00e7\u00e3o tem\u00e1tica e, simultaneamente, pela falta de resposta dos agrupamentos de escolas selecionados para representar os contextos socioecon\u00f3micos baixos e m\u00e9dios.<\/p>\n    <\/div>\n<\/a>\t\t\t\t\t<\/div>\n\t\t\t\t\t\t<\/div>\n\t<\/div>\n<\/li>\n<div class=\"slope-in\"><\/div>\n<li class=\"milestone-stage-wrapper parent\">\n\t<div class=\"content\">\n\t\t<div class=\"header\">\n\t\t\t<p class=\"title\">Sele\u00e7\u00e3o de participantes e avalia\u00e7\u00e3o de patamares de partida<\/p>\n\t\t\t<div class=\"columns\">\n\t\t\t\t<div class=\"col\">\n\t\t\t\t\t<span class=\"milestone-date\"><span class=\"dashicons-calendar dashicons\"><\/span>  09\/2023 <\/span>\n\t\t\t\t\t<span class=\"project-title\"> | Jogo de aventura narrativa incorporado no iLMS<\/span>\n\t\t\t\t<\/div>\n\t\t\t\t<div class=\"col\">\n\t\t\t\t\t<div class=\"author-avatar lumin-effect\">\n\t\t\t\t\t\t<img decoding=\"async\" src=\" https:\/\/quartocrescente.org\/wp-content\/uploads\/2024\/01\/cropped-pedro-96x96.png \" \/>\n\t\t\t\t\t<\/div>\n\t\t\t\t\t<p class=\"author-name\">Pedro Silva Ferreira<\/p>\n\t\t\t\t<\/div>\n\t\t\t<\/div>\n\t\t<\/div>\n\t\t<div class=\"body\">\n\t\t\t<div class=\"description\"><\/div>\n\t\t\t\t\t<\/div>\n\t<\/div>\n<\/li><div class=\"slope-out\"><\/div>\n<li class=\"milestone-single-wrapper parented\">\n\t<div class=\"doodle-border content\">\n\t\t<div class=\"header\">\n\t\t\t<p class=\"title\">Discuss\u00e3o do Plano de Tese<\/p>\n\t\t\t<div class=\"columns\">\n\t\t\t\t<div class=\"col\">\n\t\t\t\t\t<span class=\"milestone-date\"><span class=\"dashicons-calendar dashicons\"><\/span>  07\/2023 <\/span>\n\t\t\t\t\t<span class=\"project-title\"> | Jogo de aventura narrativa incorporado no iLMS<\/span>\n\t\t\t\t<\/div>\n\t\t\t\t<div class=\"col\">\n\t\t\t\t\t<div class=\"author-avatar lumin-effect\">\n\t\t\t\t\t\t<img decoding=\"async\" src=\" https:\/\/quartocrescente.org\/wp-content\/uploads\/2024\/01\/cropped-pedro-96x96.png \" \/>\n\t\t\t\t\t<\/div>\n\t\t\t\t\t<p class=\"author-name\">Pedro Silva Ferreira<\/p>\n\t\t\t\t<\/div>\n\t\t\t<\/div>\n\t\t<\/div>\n\t\t<div class=\"body\">\n\t\t\t<div class=\"description\"><\/div>\n\t\t\t\t\n\t\t\t\t\t<div class=\"posts\">\n\t\t\t\t\t\n<a class=\"post-card\" href=\"https:\/\/quartocrescente.org\/pt\/?post_type=post&p=4740\">\n    <div class=\"thumbnail\">\n        <img decoding=\"async\" src=\"https:\/\/quartocrescente.org\/wp-content\/uploads\/2023\/10\/IMG_6886-1568x882.jpg\" \/>\n    <\/div>\n    <div class=\"body\">\n        <h5 class=\"title\">Ponto da Investiga\u00e7\u00e3o Ago.23<\/h5>\n        <p class=\"excerpt\">O plano de tese foi entregue no final de mar\u00e7o de 2023, conforme necess\u00e1rio. Foi discutido e aprovado, com nota 19\/20, at\u00e9 o final de julho.<\/p>\n    <\/div>\n<\/a>\t\t\t\t\t<\/div>\n\t\t\t\t\t\t<\/div>\n\t<\/div>\n<\/li>\n\n<li class=\"milestone-single-wrapper parented\">\n\t<div class=\"doodle-border content\">\n\t\t<div class=\"header\">\n\t\t\t<p class=\"title\">Planeamento da Investiga\u00e7\u00e3o<\/p>\n\t\t\t<div class=\"columns\">\n\t\t\t\t<div class=\"col\">\n\t\t\t\t\t<span class=\"milestone-date\"><span class=\"dashicons-calendar dashicons\"><\/span>  01\/2023 <\/span>\n\t\t\t\t\t<span class=\"project-title\"> | Jogo de aventura narrativa incorporado no iLMS<\/span>\n\t\t\t\t<\/div>\n\t\t\t\t<div class=\"col\">\n\t\t\t\t\t<div class=\"author-avatar lumin-effect\">\n\t\t\t\t\t\t<img decoding=\"async\" src=\" https:\/\/quartocrescente.org\/wp-content\/uploads\/2024\/01\/cropped-pedro-96x96.png \" \/>\n\t\t\t\t\t<\/div>\n\t\t\t\t\t<p class=\"author-name\">Pedro Silva Ferreira<\/p>\n\t\t\t\t<\/div>\n\t\t\t<\/div>\n\t\t<\/div>\n\t\t<div class=\"body\">\n\t\t\t<div class=\"description\"><ul>\r\n \t<li>Projectada a <strong><a href=\"https:\/\/quartocrescente.org\/pt\/outlearn-score\/\">Pontua\u00e7\u00e3o OutLearn<\/a> <\/strong>para sele\u00e7\u00e3o de participantes.<\/li>\r\n<\/ul><\/div>\n\t\t\t\t\n\t\t\t\t\t<div class=\"posts\">\n\t\t\t\t\t\n<a class=\"post-card\" href=\"https:\/\/quartocrescente.org\/pt\/?post_type=post&p=4252\">\n    <div class=\"thumbnail\">\n        <img decoding=\"async\" src=\"https:\/\/quartocrescente.org\/wp-content\/uploads\/2022\/11\/IMG_4512-1568x882.jpg\" \/>\n    <\/div>\n    <div class=\"body\">\n        <h5 class=\"title\">Ponto da Investiga\u00e7\u00e3o Nov.22<\/h5>\n        <p class=\"excerpt\">Com todas as aulas do programa de doutoramento conclu\u00eddas nos dois primeiros semestres, o terceiro e \u00faltimo da sua componente curricular \u00e9 dedicado \u00e0 redac\u00e7\u00e3o e defesa do plano de tese.<\/p>\n    <\/div>\n<\/a>\t\t\t\t\t<\/div>\n\t\t\t\t\t\t<\/div>\n\t<\/div>\n<\/li>\n<button class='milestones-loadmore-btn loader-wrapper' path='https:\/\/quartocrescente.org' next-page=\"2\" onclick='loadmoreOnClick(this)'>Carregue mais<\/button><\/ul>","protected":false},"excerpt":{"rendered":"","protected":false},"author":1,"featured_media":0,"parent":0,"menu_order":0,"comment_status":"closed","ping_status":"closed","template":"","meta":{"inline_featured_image":false,"_uag_custom_page_level_css":"","_lmt_disableupdate":"no","_lmt_disable":"no","footnotes":""},"class_list":["post-977","page","type-page","status-publish","hentry","entry"],"uagb_featured_image_src":{"full":false,"thumbnail":false,"medium":false,"medium_large":false,"large":false,"1536x1536":false,"2048x2048":false,"trp-custom-language-flag":false,"post-thumbnail":false},"uagb_author_info":{"display_name":"Pedro Silva Ferreira","author_link":"https:\/\/quartocrescente.org\/pt\/journal\/author\/quartocr_manager\/"},"uagb_comment_info":0,"uagb_excerpt":null,"_links":{"self":[{"href":"https:\/\/quartocrescente.org\/pt\/wp-json\/wp\/v2\/pages\/977","targetHints":{"allow":["GET"]}}],"collection":[{"href":"https:\/\/quartocrescente.org\/pt\/wp-json\/wp\/v2\/pages"}],"about":[{"href":"https:\/\/quartocrescente.org\/pt\/wp-json\/wp\/v2\/types\/page"}],"author":[{"embeddable":true,"href":"https:\/\/quartocrescente.org\/pt\/wp-json\/wp\/v2\/users\/1"}],"replies":[{"embeddable":true,"href":"https:\/\/quartocrescente.org\/pt\/wp-json\/wp\/v2\/comments?post=977"}],"version-history":[{"count":23,"href":"https:\/\/quartocrescente.org\/pt\/wp-json\/wp\/v2\/pages\/977\/revisions"}],"predecessor-version":[{"id":4419,"href":"https:\/\/quartocrescente.org\/pt\/wp-json\/wp\/v2\/pages\/977\/revisions\/4419"}],"wp:attachment":[{"href":"https:\/\/quartocrescente.org\/pt\/wp-json\/wp\/v2\/media?parent=977"}],"curies":[{"name":"wp","href":"https:\/\/api.w.org\/{rel}","templated":true}]}}