{"id":2356,"date":"2022-02-05T15:57:50","date_gmt":"2022-02-05T15:57:50","guid":{"rendered":"http:\/\/quartocrescente.org\/newsletter\/"},"modified":"2022-02-06T00:39:22","modified_gmt":"2022-02-06T00:39:22","slug":"newsletter","status":"publish","type":"page","link":"https:\/\/quartocrescente.org\/pt\/newsletter\/","title":{"rendered":"Boletim de Not\u00edcias"},"content":{"rendered":"<p><div class=\"tnp tnp-subscription\">\n<form method=\"post\" action=\"https:\/\/quartocrescente.org\/pt\/?na=s\" data-trp-original-action=\"https:\/\/quartocrescente.org\/pt\/?na=s\">\n\n<input type=\"hidden\" name=\"nlang\" value=\"\"><div class=\"tnp-field tnp-field-firstname\"><label for=\"tnp-1\">Primeiro e \u00faltimo nome <\/label>\n<input class=\"tnp-name\" type=\"text\" name=\"nn\" id=\"tnp-1\" value=\"\" required><\/div>\n<div class=\"tnp-field tnp-field-email\"><label for=\"tnp-2\">O email<\/label>\n<input class=\"tnp-email\" type=\"email\" name=\"ne\" id=\"tnp-2\" value=\"\" required><\/div>\n<div class=\"tnp-field tnp-field-profile\"><label for=\"tnp-3\">Seu perfil<\/label>\n<select class=\"tnp-profile tnp-profile-1\" id=\"tnp-profile_1\" name=\"np1\" required><option value=\"\" selected disabled>(Selecione)<\/option><option>Professor<\/option><option>Cuidador<\/option><option>Acad\u00eamico<\/option><option>Representante da Institui\u00e7\u00e3o<\/option><\/select>\n<\/div>\n<div class=\"tnp-field tnp-field-profile\"><label for=\"tnp-4\">Se &#039;Representante da institui\u00e7\u00e3o&#039;, especifique a institui\u00e7\u00e3o<\/label>\n<input class=\"tnp-profile tnp-profile-2\" id=\"tnp-profile_2\" type=\"text\" size=\"\" name=\"np2\" placeholder=\"\"><\/div>\n<div class=\"tnp-field tnp-privacy-field\"><label><input type=\"checkbox\" name=\"ny\" required class=\"tnp-privacy\"> <a target=\"_blank\" href=\"https:\/\/quartocrescente.org\/pt\/privacy-policy\/\">Eu aceito a pol\u00edtica de privacidade<\/a><\/label><\/div><div class=\"tnp-field tnp-field-button\"><input class=\"tnp-submit\" type=\"submit\" value=\"Assinar\" >\n<\/div>\n<input type=\"hidden\" name=\"trp-form-language\" value=\"pt\"\/><\/form>\n<\/div>\n<\/p>","protected":false},"excerpt":{"rendered":"","protected":false},"author":1,"featured_media":0,"parent":0,"menu_order":0,"comment_status":"closed","ping_status":"closed","template":"","meta":{"inline_featured_image":false,"_uag_custom_page_level_css":"","_lmt_disableupdate":"no","_lmt_disable":"no","footnotes":""},"class_list":["post-2356","page","type-page","status-publish","hentry","entry"],"uagb_featured_image_src":{"full":false,"thumbnail":false,"medium":false,"medium_large":false,"large":false,"1536x1536":false,"2048x2048":false,"trp-custom-language-flag":false,"post-thumbnail":false},"uagb_author_info":{"display_name":"Pedro Silva Ferreira","author_link":"https:\/\/quartocrescente.org\/pt\/journal\/author\/quartocr_manager\/"},"uagb_comment_info":0,"uagb_excerpt":null,"_links":{"self":[{"href":"https:\/\/quartocrescente.org\/pt\/wp-json\/wp\/v2\/pages\/2356","targetHints":{"allow":["GET"]}}],"collection":[{"href":"https:\/\/quartocrescente.org\/pt\/wp-json\/wp\/v2\/pages"}],"about":[{"href":"https:\/\/quartocrescente.org\/pt\/wp-json\/wp\/v2\/types\/page"}],"author":[{"embeddable":true,"href":"https:\/\/quartocrescente.org\/pt\/wp-json\/wp\/v2\/users\/1"}],"replies":[{"embeddable":true,"href":"https:\/\/quartocrescente.org\/pt\/wp-json\/wp\/v2\/comments?post=2356"}],"version-history":[{"count":5,"href":"https:\/\/quartocrescente.org\/pt\/wp-json\/wp\/v2\/pages\/2356\/revisions"}],"predecessor-version":[{"id":2504,"href":"https:\/\/quartocrescente.org\/pt\/wp-json\/wp\/v2\/pages\/2356\/revisions\/2504"}],"wp:attachment":[{"href":"https:\/\/quartocrescente.org\/pt\/wp-json\/wp\/v2\/media?parent=2356"}],"curies":[{"name":"wp","href":"https:\/\/api.w.org\/{rel}","templated":true}]}}