{"id":182,"date":"2021-09-30T22:44:51","date_gmt":"2021-09-30T22:44:51","guid":{"rendered":"http:\/\/quartocrescente.org\/?page_id=182"},"modified":"2023-07-07T22:45:58","modified_gmt":"2023-07-07T22:45:58","slug":"publications","status":"publish","type":"page","link":"https:\/\/quartocrescente.org\/pt\/publications\/","title":{"rendered":"Publica\u00e7\u00f5es"},"content":{"rendered":"<div class=\"wp-block-columns alignwide bordered thirty-padding is-layout-flex wp-container-core-columns-is-layout-9d6595d7 wp-block-columns-is-layout-flex\">\n<div class=\"wp-block-column is-vertically-aligned-center is-layout-flow wp-block-column-is-layout-flow\">\n<ul class=\"wp-block-list\">\n<li><em>Pedro Silva Ferreira. 2022. \u201cQuero Fazer\u201d: Uma Plataforma em Destaque de Jogo para a Educa\u00e7\u00e3o Informal na Primeira Inf\u00e2ncia. Nos Anais da 21\u00aa Confer\u00eancia Anual ACM sobre Design de Intera\u00e7\u00e3o e Crian\u00e7as (IDC &#039;22). Association for Computing Machinery, Nova York, NY, EUA, 665\u2013667. <a href=\"https:\/\/doi.org\/10.1145\/3501712.3538829\" target=\"_blank\" rel=\"noreferrer noopener\">https:\/\/doi.org\/10.1145\/3501712.3538829<\/a><\/em><\/li>\n<\/ul>\n<\/div>\n<\/div>","protected":false},"excerpt":{"rendered":"","protected":false},"author":1,"featured_media":0,"parent":0,"menu_order":0,"comment_status":"closed","ping_status":"closed","template":"","meta":{"inline_featured_image":false,"_uag_custom_page_level_css":"","_lmt_disableupdate":"no","_lmt_disable":"no","footnotes":""},"class_list":["post-182","page","type-page","status-publish","hentry","entry"],"uagb_featured_image_src":{"full":false,"thumbnail":false,"medium":false,"medium_large":false,"large":false,"1536x1536":false,"2048x2048":false,"trp-custom-language-flag":false,"post-thumbnail":false},"uagb_author_info":{"display_name":"Pedro Silva Ferreira","author_link":"https:\/\/quartocrescente.org\/pt\/journal\/author\/quartocr_manager\/"},"uagb_comment_info":0,"uagb_excerpt":null,"_links":{"self":[{"href":"https:\/\/quartocrescente.org\/pt\/wp-json\/wp\/v2\/pages\/182","targetHints":{"allow":["GET"]}}],"collection":[{"href":"https:\/\/quartocrescente.org\/pt\/wp-json\/wp\/v2\/pages"}],"about":[{"href":"https:\/\/quartocrescente.org\/pt\/wp-json\/wp\/v2\/types\/page"}],"author":[{"embeddable":true,"href":"https:\/\/quartocrescente.org\/pt\/wp-json\/wp\/v2\/users\/1"}],"replies":[{"embeddable":true,"href":"https:\/\/quartocrescente.org\/pt\/wp-json\/wp\/v2\/comments?post=182"}],"version-history":[{"count":41,"href":"https:\/\/quartocrescente.org\/pt\/wp-json\/wp\/v2\/pages\/182\/revisions"}],"predecessor-version":[{"id":4512,"href":"https:\/\/quartocrescente.org\/pt\/wp-json\/wp\/v2\/pages\/182\/revisions\/4512"}],"wp:attachment":[{"href":"https:\/\/quartocrescente.org\/pt\/wp-json\/wp\/v2\/media?parent=182"}],"curies":[{"name":"wp","href":"https:\/\/api.w.org\/{rel}","templated":true}]}}